{"id":123,"date":"2022-04-24T13:45:02","date_gmt":"2022-04-24T12:45:02","guid":{"rendered":"https:\/\/ainterclasse.com\/?page_id=123"},"modified":"2022-04-24T14:27:38","modified_gmt":"2022-04-24T13:27:38","slug":"ainterclasse-3","status":"publish","type":"page","link":"https:\/\/ainterclasse.com\/","title":{"rendered":"Ainterclasse"},"content":{"rendered":"\n<h5 class=\"wp-block-heading\">Cours particuliers &amp; soutien scolaire de la 6\u00e8 \u00e0 la terminale et +<\/h5>\n\n\n\n<h4 class=\"wp-block-heading\">Renseignements &amp; pr\u00e9-inscriptions: contact@ainterclasse.com<\/h4>\n\n\n\n<h2 class=\"wp-block-heading\"> <\/h2>\n","protected":false},"excerpt":{"rendered":"<p>Cours particuliers &amp; soutien scolaire de la 6\u00e8 \u00e0 la terminale et + Renseignements &amp; pr\u00e9-inscriptions: contact@ainterclasse.com<\/p>\n","protected":false},"author":1,"featured_media":0,"parent":0,"menu_order":0,"comment_status":"closed","ping_status":"closed","template":"","meta":{"om_disable_all_campaigns":false,"_monsterinsights_skip_tracking":false,"_monsterinsights_sitenote_active":false,"_monsterinsights_sitenote_note":"","_monsterinsights_sitenote_category":0,"footnotes":""},"class_list":["post-123","page","type-page","status-publish","hentry"],"_links":{"self":[{"href":"https:\/\/ainterclasse.com\/index.php?rest_route=\/wp\/v2\/pages\/123","targetHints":{"allow":["GET"]}}],"collection":[{"href":"https:\/\/ainterclasse.com\/index.php?rest_route=\/wp\/v2\/pages"}],"about":[{"href":"https:\/\/ainterclasse.com\/index.php?rest_route=\/wp\/v2\/types\/page"}],"author":[{"embeddable":true,"href":"https:\/\/ainterclasse.com\/index.php?rest_route=\/wp\/v2\/users\/1"}],"replies":[{"embeddable":true,"href":"https:\/\/ainterclasse.com\/index.php?rest_route=%2Fwp%2Fv2%2Fcomments&post=123"}],"version-history":[{"count":12,"href":"https:\/\/ainterclasse.com\/index.php?rest_route=\/wp\/v2\/pages\/123\/revisions"}],"predecessor-version":[{"id":142,"href":"https:\/\/ainterclasse.com\/index.php?rest_route=\/wp\/v2\/pages\/123\/revisions\/142"}],"wp:attachment":[{"href":"https:\/\/ainterclasse.com\/index.php?rest_route=%2Fwp%2Fv2%2Fmedia&parent=123"}],"curies":[{"name":"wp","href":"https:\/\/api.w.org\/{rel}","templated":true}]}}